{"id":5038,"date":"2023-09-25T13:50:22","date_gmt":"2023-09-25T13:50:22","guid":{"rendered":"https:\/\/www.unjeusansfin.sosyal.fr\/?post_type=product&#038;p=5038"},"modified":"2023-09-29T10:39:04","modified_gmt":"2023-09-29T10:39:04","slug":"tiger-jungle-house","status":"publish","type":"product","link":"https:\/\/www.unjeusansfin.com\/en\/our-toys\/xl-toys\/tiger-jungle-house\/","title":{"rendered":"Tiger Jungle House"},"content":{"rendered":"<p>This jungle house is made from sustainable bamboo and other eco-friendly materials. It raises children&#8217;s awareness of the environment and recycling, while providing hours of exploration with the two little tigers. The interactive sustainability game includes sorting recycling cards, stimulating children&#8217;s fine motor skills and imagination. A fun way to enrich their environmental knowledge.<\/p>\n","protected":false},"excerpt":{"rendered":"<p>This jungle house is made from sustainable bamboo and other eco-friendly materials. It raises children&#8217;s awareness of the environment and recycling, while providing hours of exploration with the two little tigers. The interactive sustainability game includes sorting recycling cards, stimulating children&#8217;s fine motor skills and imagination. A fun way to enrich their environmental knowledge.<\/p>\n<h2 id=\"brxe-bcpata\" class=\"brxe-heading text--uppercase h--3\">PRODUCT DETAILS<\/h2>\n<div id=\"brxe-cxlkxx\" class=\"brxe-text text--base text--400\">\n<p><strong>Universe<\/strong> : Imagination and imitation games, Educational games<br \/>\n<strong>Content of toy<\/strong>\u00a0: 2 tigres, 1 lit, 1 baignoire avec tapis de bain, 1 canap\u00e9, 1 table basse, 1 po\u00eale, 2 assiettes, 2 tasses, 1 cuisini\u00e8re, 1 toboggan, 18 cartes \u00ab poubelle \u00bb \u00e0 placer dans les trois ouvertures de recyclage<br \/>\n<strong>Age range<\/strong> : 3 years and over<br \/>\n<strong>Type<\/strong> : Indoor<br \/>\n<strong>Size\u00a0<\/strong>: 47 x 42 x 29 cm<br \/>\n<strong>Composition<\/strong> : Plant-based plastic, bamboo, FSC\u00ae-certified wood Doll<\/p>\n<\/div>\n","protected":false},"featured_media":4709,"comment_status":"open","ping_status":"closed","template":"","meta":{"_acf_changed":false,"_seopress_robots_primary_cat":"none","_seopress_titles_title":"","_seopress_titles_desc":"","_seopress_robots_index":""},"product_brand":[],"product_cat":[105],"product_tag":[188],"class_list":{"0":"post-5038","1":"product","2":"type-product","3":"status-publish","4":"has-post-thumbnail","6":"product_cat-xl-toys","7":"product_tag-jouets","9":"first","10":"instock","11":"taxable","12":"shipping-taxable","13":"purchasable","14":"product-type-simple"},"acf":[],"wcpa_form_fields":null,"_links":{"self":[{"href":"https:\/\/www.unjeusansfin.com\/en\/wp-json\/wp\/v2\/product\/5038","targetHints":{"allow":["GET"]}}],"collection":[{"href":"https:\/\/www.unjeusansfin.com\/en\/wp-json\/wp\/v2\/product"}],"about":[{"href":"https:\/\/www.unjeusansfin.com\/en\/wp-json\/wp\/v2\/types\/product"}],"replies":[{"embeddable":true,"href":"https:\/\/www.unjeusansfin.com\/en\/wp-json\/wp\/v2\/comments?post=5038"}],"wp:featuredmedia":[{"embeddable":true,"href":"https:\/\/www.unjeusansfin.com\/en\/wp-json\/wp\/v2\/media\/4709"}],"wp:attachment":[{"href":"https:\/\/www.unjeusansfin.com\/en\/wp-json\/wp\/v2\/media?parent=5038"}],"wp:term":[{"taxonomy":"product_brand","embeddable":true,"href":"https:\/\/www.unjeusansfin.com\/en\/wp-json\/wp\/v2\/product_brand?post=5038"},{"taxonomy":"product_cat","embeddable":true,"href":"https:\/\/www.unjeusansfin.com\/en\/wp-json\/wp\/v2\/product_cat?post=5038"},{"taxonomy":"product_tag","embeddable":true,"href":"https:\/\/www.unjeusansfin.com\/en\/wp-json\/wp\/v2\/product_tag?post=5038"}],"curies":[{"name":"wp","href":"https:\/\/api.w.org\/{rel}","templated":true}]}}