{"id":3207,"date":"2023-04-19T08:14:37","date_gmt":"2023-04-19T08:14:37","guid":{"rendered":"https:\/\/www.unjeusansfin.sosyal.fr\/nos-jouets\/uncategorized\/wooden-cash-register\/"},"modified":"2023-08-02T15:56:47","modified_gmt":"2023-08-02T15:56:47","slug":"wooden-cash-register","status":"publish","type":"product","link":"https:\/\/www.unjeusansfin.com\/en\/our-toys\/toys\/wooden-cash-register\/","title":{"rendered":"Wooden cash register"},"content":{"rendered":"<p>La caisse enregistreuse en bois de la marque Little Dutch est parfaite pour des heures de jeu de r\u00f4le ! Elle est tr\u00e8s compl\u00e8te, pour jouer \u00e0 l&#8217;\u00e9picier et apprendre \u00e0 compter tout en s&#8217;amusant. Elle comprend une caisse enregistreuse avec des boutons-poussoir avec num\u00e9ros, un tiroir-caisse avec de l&#8217;argent, une carte de paiement et une scannette.<\/p>\n","protected":false},"excerpt":{"rendered":"<p>Little Dutch&#8217;s wooden cash register is perfect for hours of role-playing! It&#8217;s a complete set, so you can play grocer and learn to count all at the same time. It includes a cash register with numbered push-buttons, a cash drawer with money, a payment card and a scanner.<\/p>\n<h2>Product details<\/h2>\n<p><strong>Universe<\/strong> : Imagination and imitation games<br \/>\n<strong>Toy content<\/strong> : 1 cash register with cash drawer and credit card terminal, 1 scanner, 1 credit card, fake money<br \/>\n<strong>Age range<\/strong> : 3+ years<br \/>\n<strong>Type<\/strong> : Indoor<br \/>\n<strong>Size<\/strong> : 16 x 13 x 10 cm<br \/>\n<strong>Composition<\/strong> : Wood<\/p>\n","protected":false},"featured_media":4609,"comment_status":"open","ping_status":"closed","template":"","meta":{"_acf_changed":false,"_seopress_robots_primary_cat":"none","_seopress_titles_title":"Wooden Cash Register - Un Jeu Sans Fin","_seopress_titles_desc":"Play merchant with the Wooden Cash Register. A toy for fun, educational role-playing.","_seopress_robots_index":""},"product_brand":[],"product_cat":[106],"product_tag":[],"class_list":{"0":"post-3207","1":"product","2":"type-product","3":"status-publish","4":"has-post-thumbnail","6":"product_cat-toys","8":"first","9":"instock","10":"taxable","11":"shipping-taxable","12":"purchasable","13":"product-type-simple"},"acf":[],"wcpa_form_fields":null,"_links":{"self":[{"href":"https:\/\/www.unjeusansfin.com\/en\/wp-json\/wp\/v2\/product\/3207","targetHints":{"allow":["GET"]}}],"collection":[{"href":"https:\/\/www.unjeusansfin.com\/en\/wp-json\/wp\/v2\/product"}],"about":[{"href":"https:\/\/www.unjeusansfin.com\/en\/wp-json\/wp\/v2\/types\/product"}],"replies":[{"embeddable":true,"href":"https:\/\/www.unjeusansfin.com\/en\/wp-json\/wp\/v2\/comments?post=3207"}],"wp:featuredmedia":[{"embeddable":true,"href":"https:\/\/www.unjeusansfin.com\/en\/wp-json\/wp\/v2\/media\/4609"}],"wp:attachment":[{"href":"https:\/\/www.unjeusansfin.com\/en\/wp-json\/wp\/v2\/media?parent=3207"}],"wp:term":[{"taxonomy":"product_brand","embeddable":true,"href":"https:\/\/www.unjeusansfin.com\/en\/wp-json\/wp\/v2\/product_brand?post=3207"},{"taxonomy":"product_cat","embeddable":true,"href":"https:\/\/www.unjeusansfin.com\/en\/wp-json\/wp\/v2\/product_cat?post=3207"},{"taxonomy":"product_tag","embeddable":true,"href":"https:\/\/www.unjeusansfin.com\/en\/wp-json\/wp\/v2\/product_tag?post=3207"}],"curies":[{"name":"wp","href":"https:\/\/api.w.org\/{rel}","templated":true}]}}