{"id":10462,"date":"2024-11-14T14:41:27","date_gmt":"2024-11-14T14:41:27","guid":{"rendered":"https:\/\/www.unjeusansfin.com\/?post_type=product&#038;p=10462"},"modified":"2025-07-09T07:32:15","modified_gmt":"2025-07-09T07:32:15","slug":"console-retro-jeu-deau-licorne","status":"publish","type":"product","link":"https:\/\/www.unjeusansfin.com\/en\/our-toys\/toys\/console-retro-jeu-deau-licorne\/","title":{"rendered":"Console retro &#8211; jeu d&#8217;eau &#8211; licorne"},"content":{"rendered":"<p>Cette console amusante plaira autant aux enfants qu\u2019aux adultes ! Appuyez sur les boutons pour cr\u00e9er une pouss\u00e9e et essayez d\u2019accrocher tous les anneaux sur les crochets. Un d\u00e9fi parfait pour tester votre dext\u00e9rit\u00e9 et passer des heures de plaisir !<\/p>\n","protected":false},"excerpt":{"rendered":"<p>Cette console amusante plaira autant aux enfants qu\u2019aux adultes ! Appuyez sur les boutons pour cr\u00e9er une pouss\u00e9e et essayez d\u2019accrocher tous les anneaux sur les crochets. Un d\u00e9fi parfait pour tester votre dext\u00e9rit\u00e9 et passer des heures de plaisir !<\/p>\n<h2 id=\"brxe-fjvocf\" class=\"brxe-heading text--uppercase h--3\">D\u00e9tails du produit<\/h2>\n<div id=\"brxe-gmhzln\" class=\"brxe-text text--base text--400\">\n<p><strong>Univers<\/strong>\u00a0: Jeux \u00e9ducatifs<br \/>\n<strong>Contenu du jouet<\/strong>\u00a0: 1 console<br \/>\n<strong>Tranche d\u2019\u00e2ge<\/strong>\u00a0: 3 ans et +<br \/>\n<strong>Type<\/strong>\u00a0: Int\u00e9rieur<br \/>\n<strong>Taille<\/strong>\u00a0: 14.5 x 2.4 x 7.7 cm<br \/>\n<strong>Composition<\/strong>\u00a0: Bois<\/p>\n<\/div>\n","protected":false},"featured_media":10463,"comment_status":"open","ping_status":"closed","template":"","meta":{"_acf_changed":false,"_seopress_robots_primary_cat":"none","_seopress_titles_title":"","_seopress_titles_desc":"","_seopress_robots_index":""},"product_brand":[],"product_cat":[17],"product_tag":[],"class_list":{"0":"post-10462","1":"product","2":"type-product","3":"status-publish","4":"has-post-thumbnail","6":"product_cat-jouets","8":"first","9":"instock","10":"taxable","11":"shipping-taxable","12":"purchasable","13":"product-type-simple"},"acf":[],"wcpa_form_fields":null,"_links":{"self":[{"href":"https:\/\/www.unjeusansfin.com\/en\/wp-json\/wp\/v2\/product\/10462","targetHints":{"allow":["GET"]}}],"collection":[{"href":"https:\/\/www.unjeusansfin.com\/en\/wp-json\/wp\/v2\/product"}],"about":[{"href":"https:\/\/www.unjeusansfin.com\/en\/wp-json\/wp\/v2\/types\/product"}],"replies":[{"embeddable":true,"href":"https:\/\/www.unjeusansfin.com\/en\/wp-json\/wp\/v2\/comments?post=10462"}],"wp:featuredmedia":[{"embeddable":true,"href":"https:\/\/www.unjeusansfin.com\/en\/wp-json\/wp\/v2\/media\/10463"}],"wp:attachment":[{"href":"https:\/\/www.unjeusansfin.com\/en\/wp-json\/wp\/v2\/media?parent=10462"}],"wp:term":[{"taxonomy":"product_brand","embeddable":true,"href":"https:\/\/www.unjeusansfin.com\/en\/wp-json\/wp\/v2\/product_brand?post=10462"},{"taxonomy":"product_cat","embeddable":true,"href":"https:\/\/www.unjeusansfin.com\/en\/wp-json\/wp\/v2\/product_cat?post=10462"},{"taxonomy":"product_tag","embeddable":true,"href":"https:\/\/www.unjeusansfin.com\/en\/wp-json\/wp\/v2\/product_tag?post=10462"}],"curies":[{"name":"wp","href":"https:\/\/api.w.org\/{rel}","templated":true}]}}