{"id":10456,"date":"2024-11-14T14:31:49","date_gmt":"2024-11-14T14:31:49","guid":{"rendered":"https:\/\/www.unjeusansfin.com\/?post_type=product&#038;p=10456"},"modified":"2026-02-26T15:36:45","modified_gmt":"2026-02-26T15:36:45","slug":"tableau-dactivite-robot","status":"publish","type":"product","link":"https:\/\/www.unjeusansfin.com\/en\/our-toys\/xl-toys\/tableau-dactivite-robot\/","title":{"rendered":"Tableau d&#8217;activit\u00e9 Robot"},"content":{"rendered":"<p>Ce jouet en bois de Liewood promet des heures de jeu amusant tout en stimulant la motricit\u00e9 fine et le d\u00e9veloppement sensoriel. L&#8217;enfant va pouvoir tourner, tirer et d\u00e9placer tous les \u00e9l\u00e9ments. Un compagnon de jeu id\u00e9al pour d\u00e9velopper tout en s&#8217;amusant !<\/p>\n","protected":false},"excerpt":{"rendered":"<p>Ce jouet en bois de Liewood promet des heures de jeu amusant tout en stimulant la motricit\u00e9 fine et le d\u00e9veloppement sensoriel. L&#8217;enfant va pouvoir tourner, tirer et d\u00e9placer tous les \u00e9l\u00e9ments. Un compagnon de jeu id\u00e9al pour d\u00e9velopper tout en s&#8217;amusant !<\/p>\n<h2 id=\"brxe-fjvocf\" class=\"brxe-heading text--uppercase h--3\">D\u00e9tails du produit<\/h2>\n<div id=\"brxe-gmhzln\" class=\"brxe-text text--base text--400\">\n<p><strong>Univers<\/strong>\u00a0: Jouets d\u2019\u00e9veil<br \/>\n<strong>Contenu du jouet<\/strong>\u00a0: 1 tableau<br \/>\n<strong>Tranche d\u2019\u00e2ge<\/strong>\u00a0: 18 mois et +<br \/>\n<strong>Type<\/strong>\u00a0: Int\u00e9rieur<br \/>\n<strong>Taille<\/strong>\u00a0: 30 x 3 x 32 cm<br \/>\n<strong>Composition<\/strong>\u00a0: Bois<\/p>\n<\/div>\n","protected":false},"featured_media":10457,"comment_status":"open","ping_status":"closed","template":"","meta":{"_acf_changed":false,"_seopress_robots_primary_cat":"none","_seopress_titles_title":"","_seopress_titles_desc":"","_seopress_robots_index":""},"product_brand":[],"product_cat":[46],"product_tag":[],"class_list":{"0":"post-10456","1":"product","2":"type-product","3":"status-publish","4":"has-post-thumbnail","6":"product_cat-jouets-xl","8":"first","9":"instock","10":"taxable","11":"shipping-taxable","12":"purchasable","13":"product-type-simple"},"acf":[],"wcpa_form_fields":null,"_links":{"self":[{"href":"https:\/\/www.unjeusansfin.com\/en\/wp-json\/wp\/v2\/product\/10456","targetHints":{"allow":["GET"]}}],"collection":[{"href":"https:\/\/www.unjeusansfin.com\/en\/wp-json\/wp\/v2\/product"}],"about":[{"href":"https:\/\/www.unjeusansfin.com\/en\/wp-json\/wp\/v2\/types\/product"}],"replies":[{"embeddable":true,"href":"https:\/\/www.unjeusansfin.com\/en\/wp-json\/wp\/v2\/comments?post=10456"}],"wp:featuredmedia":[{"embeddable":true,"href":"https:\/\/www.unjeusansfin.com\/en\/wp-json\/wp\/v2\/media\/10457"}],"wp:attachment":[{"href":"https:\/\/www.unjeusansfin.com\/en\/wp-json\/wp\/v2\/media?parent=10456"}],"wp:term":[{"taxonomy":"product_brand","embeddable":true,"href":"https:\/\/www.unjeusansfin.com\/en\/wp-json\/wp\/v2\/product_brand?post=10456"},{"taxonomy":"product_cat","embeddable":true,"href":"https:\/\/www.unjeusansfin.com\/en\/wp-json\/wp\/v2\/product_cat?post=10456"},{"taxonomy":"product_tag","embeddable":true,"href":"https:\/\/www.unjeusansfin.com\/en\/wp-json\/wp\/v2\/product_tag?post=10456"}],"curies":[{"name":"wp","href":"https:\/\/api.w.org\/{rel}","templated":true}]}}