{"id":10328,"date":"2024-10-24T11:29:41","date_gmt":"2024-10-24T11:29:41","guid":{"rendered":"https:\/\/www.unjeusansfin.com\/?post_type=product&#038;p=10328"},"modified":"2025-09-15T12:55:31","modified_gmt":"2025-09-15T12:55:31","slug":"puzzle-des-copains","status":"publish","type":"product","link":"https:\/\/www.unjeusansfin.com\/en\/our-toys\/toys\/puzzle-des-copains\/","title":{"rendered":"Puzzle des copains"},"content":{"rendered":"<p>Jouet sp\u00e9cialement \u00e9tudi\u00e9 pour les enfants de 13 \u00e0 15 mois.<br \/>\nCe puzzle contient une s\u00e9rie de cercles de tailles vari\u00e9es, offrant un niveau de difficult\u00e9 adapt\u00e9 aux comp\u00e9tences de l&#8217;enfant. Et sous chaque cercle, un copain \u00e0 d\u00e9couvrir !<\/p>\n","protected":false},"excerpt":{"rendered":"<p>Jouet sp\u00e9cialement \u00e9tudi\u00e9 pour les enfants de 13 \u00e0 15 mois.<br \/>\nCe puzzle contient une s\u00e9rie de cercles de tailles vari\u00e9es, offrant un niveau de difficult\u00e9 adapt\u00e9 aux comp\u00e9tences de l&#8217;enfant. Et sous chaque cercle, un copain \u00e0 d\u00e9couvrir !<\/p>\n<h2 id=\"brxe-fjvocf\" class=\"brxe-heading text--uppercase h--3\">D\u00e9tails du produit<\/h2>\n<div id=\"brxe-gmhzln\" class=\"brxe-text text--base text--400\">\n<p><strong>Univers<\/strong>\u00a0: Jouets d\u2019\u00e9veil, Puzzle<br \/>\n<strong>Contenu du jouet<\/strong>\u00a0: 1 plateau, 5 cercles<br \/>\n<strong>Tranche d\u2019\u00e2ge<\/strong>\u00a0: 1 an et +<br \/>\n<strong>Type<\/strong>\u00a0: Int\u00e9rieur<br \/>\n<strong>Taille<\/strong>\u00a0: 44 x 2 x 14 cm<br \/>\n<strong>Composition<\/strong>\u00a0: Bois<\/p>\n<\/div>\n","protected":false},"featured_media":10266,"comment_status":"open","ping_status":"closed","template":"","meta":{"_acf_changed":false,"_seopress_robots_primary_cat":"none","_seopress_titles_title":"","_seopress_titles_desc":"","_seopress_robots_index":""},"product_brand":[],"product_cat":[17],"product_tag":[],"class_list":{"0":"post-10328","1":"product","2":"type-product","3":"status-publish","4":"has-post-thumbnail","6":"product_cat-jouets","8":"first","9":"instock","10":"taxable","11":"shipping-taxable","12":"purchasable","13":"product-type-simple"},"acf":[],"wcpa_form_fields":null,"_links":{"self":[{"href":"https:\/\/www.unjeusansfin.com\/en\/wp-json\/wp\/v2\/product\/10328","targetHints":{"allow":["GET"]}}],"collection":[{"href":"https:\/\/www.unjeusansfin.com\/en\/wp-json\/wp\/v2\/product"}],"about":[{"href":"https:\/\/www.unjeusansfin.com\/en\/wp-json\/wp\/v2\/types\/product"}],"replies":[{"embeddable":true,"href":"https:\/\/www.unjeusansfin.com\/en\/wp-json\/wp\/v2\/comments?post=10328"}],"wp:featuredmedia":[{"embeddable":true,"href":"https:\/\/www.unjeusansfin.com\/en\/wp-json\/wp\/v2\/media\/10266"}],"wp:attachment":[{"href":"https:\/\/www.unjeusansfin.com\/en\/wp-json\/wp\/v2\/media?parent=10328"}],"wp:term":[{"taxonomy":"product_brand","embeddable":true,"href":"https:\/\/www.unjeusansfin.com\/en\/wp-json\/wp\/v2\/product_brand?post=10328"},{"taxonomy":"product_cat","embeddable":true,"href":"https:\/\/www.unjeusansfin.com\/en\/wp-json\/wp\/v2\/product_cat?post=10328"},{"taxonomy":"product_tag","embeddable":true,"href":"https:\/\/www.unjeusansfin.com\/en\/wp-json\/wp\/v2\/product_tag?post=10328"}],"curies":[{"name":"wp","href":"https:\/\/api.w.org\/{rel}","templated":true}]}}