{"id":10327,"date":"2024-10-24T11:25:39","date_gmt":"2024-10-24T11:25:39","guid":{"rendered":"https:\/\/www.unjeusansfin.com\/?post_type=product&#038;p=10327"},"modified":"2025-11-20T17:53:48","modified_gmt":"2025-11-20T17:53:48","slug":"lapins-dans-leur-terrier","status":"publish","type":"product","link":"https:\/\/www.unjeusansfin.com\/en\/our-toys\/toys\/lapins-dans-leur-terrier\/","title":{"rendered":"Lapins dans leur terrier"},"content":{"rendered":"<p>Jouet sp\u00e9cialement \u00e9tudi\u00e9 pour les enfants de 13 \u00e0 15 mois.<br \/>\nL&#8217;enfant s&#8217;entra\u00eene \u00e0 travailler sa coordination bilat\u00e9rale (utilisation de ses 2 mains), et d\u00e9couvre le concept de la contenance (l&#8217;id\u00e9e qu&#8217;un objet peut contenir d&#8217;autres objets).<\/p>\n","protected":false},"excerpt":{"rendered":"<p>Jouet sp\u00e9cialement \u00e9tudi\u00e9 pour les enfants de 13 \u00e0 15 mois.<br \/>\nL&#8217;enfant s&#8217;entra\u00eene \u00e0 travailler sa coordination bilat\u00e9rale (utilisation de ses 2 mains), et d\u00e9couvre le concept de la contenance (l&#8217;id\u00e9e qu&#8217;un objet peut contenir d&#8217;autres objets).<\/p>\n<h2 id=\"brxe-fjvocf\" class=\"brxe-heading text--uppercase h--3\">D\u00e9tails du produit<\/h2>\n<div id=\"brxe-gmhzln\" class=\"brxe-text text--base text--400\">\n<p><strong>Univers<\/strong>\u00a0: Jouets d\u2019\u00e9veil, Animaux<br \/>\n<strong>Contenu du jouet<\/strong>\u00a0: 1 terrier, 3 lapins<br \/>\n<strong>Tranche d\u2019\u00e2ge<\/strong>\u00a0: 1 an et +<br \/>\n<strong>Type<\/strong>\u00a0: Int\u00e9rieur<br \/>\n<strong>Taille<\/strong>\u00a0: 16 x 16 x 9 cm<br \/>\n<strong>Composition<\/strong>\u00a0: Feutrine<\/p>\n<\/div>\n","protected":false},"featured_media":10298,"comment_status":"open","ping_status":"closed","template":"","meta":{"_acf_changed":false,"_seopress_robots_primary_cat":"none","_seopress_titles_title":"","_seopress_titles_desc":"","_seopress_robots_index":""},"product_brand":[],"product_cat":[17],"product_tag":[],"class_list":{"0":"post-10327","1":"product","2":"type-product","3":"status-publish","4":"has-post-thumbnail","6":"product_cat-jouets","8":"first","9":"instock","10":"taxable","11":"shipping-taxable","12":"purchasable","13":"product-type-simple"},"acf":[],"wcpa_form_fields":null,"_links":{"self":[{"href":"https:\/\/www.unjeusansfin.com\/en\/wp-json\/wp\/v2\/product\/10327","targetHints":{"allow":["GET"]}}],"collection":[{"href":"https:\/\/www.unjeusansfin.com\/en\/wp-json\/wp\/v2\/product"}],"about":[{"href":"https:\/\/www.unjeusansfin.com\/en\/wp-json\/wp\/v2\/types\/product"}],"replies":[{"embeddable":true,"href":"https:\/\/www.unjeusansfin.com\/en\/wp-json\/wp\/v2\/comments?post=10327"}],"wp:featuredmedia":[{"embeddable":true,"href":"https:\/\/www.unjeusansfin.com\/en\/wp-json\/wp\/v2\/media\/10298"}],"wp:attachment":[{"href":"https:\/\/www.unjeusansfin.com\/en\/wp-json\/wp\/v2\/media?parent=10327"}],"wp:term":[{"taxonomy":"product_brand","embeddable":true,"href":"https:\/\/www.unjeusansfin.com\/en\/wp-json\/wp\/v2\/product_brand?post=10327"},{"taxonomy":"product_cat","embeddable":true,"href":"https:\/\/www.unjeusansfin.com\/en\/wp-json\/wp\/v2\/product_cat?post=10327"},{"taxonomy":"product_tag","embeddable":true,"href":"https:\/\/www.unjeusansfin.com\/en\/wp-json\/wp\/v2\/product_tag?post=10327"}],"curies":[{"name":"wp","href":"https:\/\/api.w.org\/{rel}","templated":true}]}}