{"id":10325,"date":"2024-10-24T10:49:05","date_gmt":"2024-10-24T10:49:05","guid":{"rendered":"https:\/\/www.unjeusansfin.com\/?post_type=product&#038;p=10325"},"modified":"2024-10-24T10:52:12","modified_gmt":"2024-10-24T10:52:12","slug":"puzzle-a-pincer","status":"publish","type":"product","link":"https:\/\/www.unjeusansfin.com\/en\/our-toys\/toys\/puzzle-a-pincer\/","title":{"rendered":"Puzzle \u00e0 pincer"},"content":{"rendered":"<p>Jouet sp\u00e9cialement \u00e9tudi\u00e9 pour les enfants de 11 \u00e0 12 mois.<br \/>\nAvec ce puzzle simple, l&#8217;enfant apprend \u00e0 pincer pour soulever la pi\u00e8ce du puzzle.<\/p>\n","protected":false},"excerpt":{"rendered":"<p>Jouet sp\u00e9cialement \u00e9tudi\u00e9 pour les enfants de 11 \u00e0 12 mois.<br \/>\nAvec ce puzzle simple, l&#8217;enfant apprend \u00e0 pincer pour soulever la pi\u00e8ce du puzzle.<\/p>\n<h2 id=\"brxe-fjvocf\" class=\"brxe-heading text--uppercase h--3\">D\u00e9tails du produit<\/h2>\n<div id=\"brxe-gmhzln\" class=\"brxe-text text--base text--400\">\n<p><strong>Univers<\/strong>\u00a0: Puzzle<br \/>\n<strong>Contenu du jouet<\/strong>\u00a0: 1 bo\u00eete, 1 pi\u00e8ce<br \/>\n<strong>Tranche d\u2019\u00e2ge<\/strong>\u00a0: 0 mois et +<br \/>\n<strong>Type<\/strong>\u00a0: Int\u00e9rieur<br \/>\n<strong>Taille<\/strong>\u00a0: 6 x 3 x 6 cm<br \/>\n<strong>Composition<\/strong>\u00a0: Bois<\/p>\n<\/div>\n","protected":false},"featured_media":10262,"comment_status":"open","ping_status":"closed","template":"","meta":{"_acf_changed":false,"_seopress_robots_primary_cat":"none","_seopress_titles_title":"","_seopress_titles_desc":"","_seopress_robots_index":""},"product_brand":[],"product_cat":[17],"product_tag":[],"class_list":{"0":"post-10325","1":"product","2":"type-product","3":"status-publish","4":"has-post-thumbnail","6":"product_cat-jouets","8":"first","9":"instock","10":"taxable","11":"shipping-taxable","12":"purchasable","13":"product-type-simple"},"acf":[],"wcpa_form_fields":null,"_links":{"self":[{"href":"https:\/\/www.unjeusansfin.com\/en\/wp-json\/wp\/v2\/product\/10325","targetHints":{"allow":["GET"]}}],"collection":[{"href":"https:\/\/www.unjeusansfin.com\/en\/wp-json\/wp\/v2\/product"}],"about":[{"href":"https:\/\/www.unjeusansfin.com\/en\/wp-json\/wp\/v2\/types\/product"}],"replies":[{"embeddable":true,"href":"https:\/\/www.unjeusansfin.com\/en\/wp-json\/wp\/v2\/comments?post=10325"}],"wp:featuredmedia":[{"embeddable":true,"href":"https:\/\/www.unjeusansfin.com\/en\/wp-json\/wp\/v2\/media\/10262"}],"wp:attachment":[{"href":"https:\/\/www.unjeusansfin.com\/en\/wp-json\/wp\/v2\/media?parent=10325"}],"wp:term":[{"taxonomy":"product_brand","embeddable":true,"href":"https:\/\/www.unjeusansfin.com\/en\/wp-json\/wp\/v2\/product_brand?post=10325"},{"taxonomy":"product_cat","embeddable":true,"href":"https:\/\/www.unjeusansfin.com\/en\/wp-json\/wp\/v2\/product_cat?post=10325"},{"taxonomy":"product_tag","embeddable":true,"href":"https:\/\/www.unjeusansfin.com\/en\/wp-json\/wp\/v2\/product_tag?post=10325"}],"curies":[{"name":"wp","href":"https:\/\/api.w.org\/{rel}","templated":true}]}}