{"id":10318,"date":"2024-10-24T10:38:12","date_gmt":"2024-10-24T10:38:12","guid":{"rendered":"https:\/\/www.unjeusansfin.com\/?post_type=product&#038;p=10318"},"modified":"2025-04-17T15:58:58","modified_gmt":"2025-04-17T15:58:58","slug":"loeuf-et-le-coquetier-et-les-cles-en-inox","status":"publish","type":"product","link":"https:\/\/www.unjeusansfin.com\/en\/our-toys\/toys\/loeuf-et-le-coquetier-et-les-cles-en-inox\/","title":{"rendered":"L&#8217;oeuf et le coquetier et les cl\u00e9s en inox"},"content":{"rendered":"<p>Jouet sp\u00e9cialement \u00e9tudi\u00e9 pour les enfants de 9 \u00e0 10 mois.<br \/>\nMalgr\u00e9 sa simplicit\u00e9, le duo \u0152uf et Coquetier fascine les b\u00e9b\u00e9s tout en leur \u00e9tant utile. Cet ensemble en bois aide votre enfant \u00e0 coordonner l\u2019utilisation de ses deux mains, une comp\u00e9tence essentielle pour des activit\u00e9s futures comme s\u2019habiller, tout en favorisant la communication entre les h\u00e9misph\u00e8res c\u00e9r\u00e9braux. Les cl\u00e9s en inox, quant \u00e0 elles, permettent \u00e0 l&#8217;enfant d&#8217;explorer en toute s\u00e9curit\u00e9 les objets du quotidien gr\u00e2ce \u00e0 un anneau facile \u00e0 saisir et des cl\u00e9s adapt\u00e9es.<\/p>\n","protected":false},"excerpt":{"rendered":"<p>Jouet sp\u00e9cialement \u00e9tudi\u00e9 pour les enfants de 9 \u00e0 10 mois.<br \/>\nMalgr\u00e9 sa simplicit\u00e9, le duo \u0152uf et Coquetier fascine les b\u00e9b\u00e9s tout en leur \u00e9tant utile. Cet ensemble en bois aide votre enfant \u00e0 coordonner l\u2019utilisation de ses deux mains, une comp\u00e9tence essentielle pour des activit\u00e9s futures comme s\u2019habiller, tout en favorisant la communication entre les h\u00e9misph\u00e8res c\u00e9r\u00e9braux. Les cl\u00e9s en inox, quant \u00e0 elles, permettent \u00e0 l&#8217;enfant d&#8217;explorer en toute s\u00e9curit\u00e9 les objets du quotidien gr\u00e2ce \u00e0 un anneau facile \u00e0 saisir et des cl\u00e9s adapt\u00e9es.<\/p>\n<h2 id=\"brxe-fjvocf\" class=\"brxe-heading text--uppercase h--3\">D\u00e9tails du produit<\/h2>\n<div id=\"brxe-gmhzln\" class=\"brxe-text text--base text--400\">\n<p><strong>Univers<\/strong>\u00a0: Jouets d\u2019\u00e9veil<br \/>\n<strong>Contenu du jouet<\/strong>\u00a0: 1 oeuf, 1 coquetier, 1 anneau \u00e0 cl\u00e9s<br \/>\n<strong>Tranche d\u2019\u00e2ge<\/strong>\u00a0: 0 mois et +<br \/>\n<strong>Type<\/strong>\u00a0: Int\u00e9rieur<br \/>\n<strong>Taille<\/strong>\u00a0: 11 x 9 x 9 cm<br \/>\n<strong>Composition<\/strong>\u00a0: Bois, inox<\/p>\n<\/div>\n","protected":false},"featured_media":10319,"comment_status":"open","ping_status":"closed","template":"","meta":{"_acf_changed":false,"_seopress_robots_primary_cat":"none","_seopress_titles_title":"","_seopress_titles_desc":"","_seopress_robots_index":""},"product_brand":[],"product_cat":[17],"product_tag":[],"class_list":{"0":"post-10318","1":"product","2":"type-product","3":"status-publish","4":"has-post-thumbnail","6":"product_cat-jouets","8":"first","9":"instock","10":"taxable","11":"shipping-taxable","12":"purchasable","13":"product-type-simple"},"acf":[],"wcpa_form_fields":null,"_links":{"self":[{"href":"https:\/\/www.unjeusansfin.com\/en\/wp-json\/wp\/v2\/product\/10318","targetHints":{"allow":["GET"]}}],"collection":[{"href":"https:\/\/www.unjeusansfin.com\/en\/wp-json\/wp\/v2\/product"}],"about":[{"href":"https:\/\/www.unjeusansfin.com\/en\/wp-json\/wp\/v2\/types\/product"}],"replies":[{"embeddable":true,"href":"https:\/\/www.unjeusansfin.com\/en\/wp-json\/wp\/v2\/comments?post=10318"}],"wp:featuredmedia":[{"embeddable":true,"href":"https:\/\/www.unjeusansfin.com\/en\/wp-json\/wp\/v2\/media\/10319"}],"wp:attachment":[{"href":"https:\/\/www.unjeusansfin.com\/en\/wp-json\/wp\/v2\/media?parent=10318"}],"wp:term":[{"taxonomy":"product_brand","embeddable":true,"href":"https:\/\/www.unjeusansfin.com\/en\/wp-json\/wp\/v2\/product_brand?post=10318"},{"taxonomy":"product_cat","embeddable":true,"href":"https:\/\/www.unjeusansfin.com\/en\/wp-json\/wp\/v2\/product_cat?post=10318"},{"taxonomy":"product_tag","embeddable":true,"href":"https:\/\/www.unjeusansfin.com\/en\/wp-json\/wp\/v2\/product_tag?post=10318"}],"curies":[{"name":"wp","href":"https:\/\/api.w.org\/{rel}","templated":true}]}}