{"id":10312,"date":"2024-10-24T10:22:15","date_gmt":"2024-10-24T10:22:15","guid":{"rendered":"https:\/\/www.unjeusansfin.com\/?post_type=product&#038;p=10312"},"modified":"2025-09-15T12:51:16","modified_gmt":"2025-09-15T12:51:16","slug":"culbuto-et-chaussettes-de-jeu-hochet","status":"publish","type":"product","link":"https:\/\/www.unjeusansfin.com\/en\/our-toys\/toys\/culbuto-et-chaussettes-de-jeu-hochet\/","title":{"rendered":"Culbuto et chaussettes de jeu hochet"},"content":{"rendered":"<p>Jouet sp\u00e9cialement \u00e9tudi\u00e9 pour les enfants de 5 \u00e0 6 mois.<br \/>\nPlaisir garanti avec le Culbuto, m\u00eame sur le ventre ! Un moment privil\u00e9gi\u00e9 pour renforcer les muscles du tronc qui sont n\u00e9cessaires pour ramper et marche. En portant ces chaussettes, le b\u00e9b\u00e9 sera attir\u00e9 par le visuel et par le son, ce qui lui fera gigoter ses jambes. Il renforce ainsi ses muscles.<\/p>\n","protected":false},"excerpt":{"rendered":"<p>Jouet sp\u00e9cialement \u00e9tudi\u00e9 pour les enfants de 5 \u00e0 6 mois.<br \/>\nPlaisir garanti avec le Culbuto, m\u00eame sur le ventre ! Un moment privil\u00e9gi\u00e9 pour renforcer les muscles du tronc qui sont n\u00e9cessaires pour ramper et marche. En portant ces chaussettes, le b\u00e9b\u00e9 sera attir\u00e9 par le visuel et par le son, ce qui lui fera gigoter ses jambes. Il renforce ainsi ses muscles.<\/p>\n<h2 id=\"brxe-fjvocf\" class=\"brxe-heading text--uppercase h--3\">D\u00e9tails du produit<\/h2>\n<div id=\"brxe-gmhzln\" class=\"brxe-text text--base text--400\">\n<p><strong>Univers<\/strong>\u00a0: Jouets d\u2019\u00e9veil<br \/>\n<strong>Contenu du jouet<\/strong>\u00a0: 1 culbuto, 1 paire de chaussettes<br \/>\n<strong>Tranche d\u2019\u00e2ge<\/strong>\u00a0: 0 mois et +<br \/>\n<strong>Type<\/strong>\u00a0: Int\u00e9rieur<br \/>\n<strong>Taille<\/strong>\u00a0: 12 x 12 x 7 cm<\/p>\n<\/div>\n","protected":false},"featured_media":10290,"comment_status":"open","ping_status":"closed","template":"","meta":{"_acf_changed":false,"_seopress_robots_primary_cat":"none","_seopress_titles_title":"","_seopress_titles_desc":"","_seopress_robots_index":""},"product_brand":[],"product_cat":[17],"product_tag":[],"class_list":{"0":"post-10312","1":"product","2":"type-product","3":"status-publish","4":"has-post-thumbnail","6":"product_cat-jouets","8":"first","9":"instock","10":"taxable","11":"shipping-taxable","12":"purchasable","13":"product-type-simple"},"acf":[],"wcpa_form_fields":null,"_links":{"self":[{"href":"https:\/\/www.unjeusansfin.com\/en\/wp-json\/wp\/v2\/product\/10312","targetHints":{"allow":["GET"]}}],"collection":[{"href":"https:\/\/www.unjeusansfin.com\/en\/wp-json\/wp\/v2\/product"}],"about":[{"href":"https:\/\/www.unjeusansfin.com\/en\/wp-json\/wp\/v2\/types\/product"}],"replies":[{"embeddable":true,"href":"https:\/\/www.unjeusansfin.com\/en\/wp-json\/wp\/v2\/comments?post=10312"}],"wp:featuredmedia":[{"embeddable":true,"href":"https:\/\/www.unjeusansfin.com\/en\/wp-json\/wp\/v2\/media\/10290"}],"wp:attachment":[{"href":"https:\/\/www.unjeusansfin.com\/en\/wp-json\/wp\/v2\/media?parent=10312"}],"wp:term":[{"taxonomy":"product_brand","embeddable":true,"href":"https:\/\/www.unjeusansfin.com\/en\/wp-json\/wp\/v2\/product_brand?post=10312"},{"taxonomy":"product_cat","embeddable":true,"href":"https:\/\/www.unjeusansfin.com\/en\/wp-json\/wp\/v2\/product_cat?post=10312"},{"taxonomy":"product_tag","embeddable":true,"href":"https:\/\/www.unjeusansfin.com\/en\/wp-json\/wp\/v2\/product_tag?post=10312"}],"curies":[{"name":"wp","href":"https:\/\/api.w.org\/{rel}","templated":true}]}}