{"id":10308,"date":"2024-10-24T10:13:34","date_gmt":"2024-10-24T10:13:34","guid":{"rendered":"https:\/\/www.unjeusansfin.com\/?post_type=product&#038;p=10308"},"modified":"2026-01-21T11:45:44","modified_gmt":"2026-01-21T11:45:44","slug":"boite-a-mouchoirs-magique","status":"publish","type":"product","link":"https:\/\/www.unjeusansfin.com\/en\/our-toys\/toys\/boite-a-mouchoirs-magique\/","title":{"rendered":"Bo\u00eete \u00e0 mouchoirs magique"},"content":{"rendered":"<p>Jouet sp\u00e9cialement \u00e9tudi\u00e9 pour les enfants de 5 \u00e0 6 mois.<br \/>\nDes mouchoirs en tissu son cach\u00e9s \u00e0 l&#8217;int\u00e9rieur de la bo\u00eete. D\u00e8s qu&#8217;ils saisissent le concept de contenance, les b\u00e9b\u00e9s adorent tirer les mouchoirs vers eux. Les mouchoirs peuvent \u00e9galement \u00eatre accroch\u00e9s entre eux, ou utilis\u00e9s pour jouer \u00e0 cache-cache.<\/p>\n","protected":false},"excerpt":{"rendered":"<p>Jouet sp\u00e9cialement \u00e9tudi\u00e9 pour les enfants de 5 \u00e0 6 mois.<br \/>\nDes mouchoirs en tissu son cach\u00e9s \u00e0 l&#8217;int\u00e9rieur de la bo\u00eete. D\u00e8s qu&#8217;ils saisissent le concept de contenance, les b\u00e9b\u00e9s adorent tirer les mouchoirs vers eux. Les mouchoirs peuvent \u00e9galement \u00eatre accroch\u00e9s entre eux, ou utilis\u00e9s pour jouer \u00e0 cache-cache.<\/p>\n<h2 id=\"brxe-fjvocf\" class=\"brxe-heading text--uppercase h--3\">D\u00e9tails du produit<\/h2>\n<div id=\"brxe-gmhzln\" class=\"brxe-text text--base text--400\">\n<p><strong>Univers<\/strong>\u00a0: Jouets d\u2019\u00e9veil<br \/>\n<strong>Contenu du jouet<\/strong>\u00a0: 1 bo\u00eete, 1 couvercle, 5 mouchoirs<br \/>\n<strong>Tranche d\u2019\u00e2ge<\/strong>\u00a0: 0 mois et +<br \/>\n<strong>Type<\/strong>\u00a0: Int\u00e9rieur<br \/>\n<strong>Taille<\/strong>\u00a0: 11 x 13 x 11 cm<br \/>\n<strong>Composition<\/strong>\u00a0: Bois, tissu<\/p>\n<\/div>\n","protected":false},"featured_media":10280,"comment_status":"open","ping_status":"closed","template":"","meta":{"_acf_changed":false,"_seopress_robots_primary_cat":"none","_seopress_titles_title":"","_seopress_titles_desc":"","_seopress_robots_index":""},"product_brand":[],"product_cat":[17],"product_tag":[],"class_list":{"0":"post-10308","1":"product","2":"type-product","3":"status-publish","4":"has-post-thumbnail","6":"product_cat-jouets","8":"first","9":"outofstock","10":"taxable","11":"shipping-taxable","12":"purchasable","13":"product-type-simple"},"acf":[],"wcpa_form_fields":null,"_links":{"self":[{"href":"https:\/\/www.unjeusansfin.com\/en\/wp-json\/wp\/v2\/product\/10308","targetHints":{"allow":["GET"]}}],"collection":[{"href":"https:\/\/www.unjeusansfin.com\/en\/wp-json\/wp\/v2\/product"}],"about":[{"href":"https:\/\/www.unjeusansfin.com\/en\/wp-json\/wp\/v2\/types\/product"}],"replies":[{"embeddable":true,"href":"https:\/\/www.unjeusansfin.com\/en\/wp-json\/wp\/v2\/comments?post=10308"}],"wp:featuredmedia":[{"embeddable":true,"href":"https:\/\/www.unjeusansfin.com\/en\/wp-json\/wp\/v2\/media\/10280"}],"wp:attachment":[{"href":"https:\/\/www.unjeusansfin.com\/en\/wp-json\/wp\/v2\/media?parent=10308"}],"wp:term":[{"taxonomy":"product_brand","embeddable":true,"href":"https:\/\/www.unjeusansfin.com\/en\/wp-json\/wp\/v2\/product_brand?post=10308"},{"taxonomy":"product_cat","embeddable":true,"href":"https:\/\/www.unjeusansfin.com\/en\/wp-json\/wp\/v2\/product_cat?post=10308"},{"taxonomy":"product_tag","embeddable":true,"href":"https:\/\/www.unjeusansfin.com\/en\/wp-json\/wp\/v2\/product_tag?post=10308"}],"curies":[{"name":"wp","href":"https:\/\/api.w.org\/{rel}","templated":true}]}}