{"id":10303,"date":"2024-10-24T09:58:27","date_gmt":"2024-10-24T09:58:27","guid":{"rendered":"https:\/\/www.unjeusansfin.com\/?post_type=product&#038;p=10303"},"modified":"2024-10-24T10:03:13","modified_gmt":"2024-10-24T10:03:13","slug":"hochet-et-anneau-de-dentition-triple","status":"publish","type":"product","link":"https:\/\/www.unjeusansfin.com\/en\/our-toys\/toys\/hochet-et-anneau-de-dentition-triple\/","title":{"rendered":"Hochet et anneau de dentition triple"},"content":{"rendered":"<p>Jouet sp\u00e9cialement \u00e9tudi\u00e9 pour les enfants de 3 \u00e0 4 mois.<br \/>\nLe hochet est un grand classique et permet \u00e0 l&#8217;enfant d&#8217;identifier l&#8217;origine d&#8217;un son. L&#8217;anneau de dentition propose trois textures vari\u00e9es, contribuant ainsi au d\u00e9veloppement de la sensorialit\u00e9, du langage et de la motricit\u00e9 orale.<\/p>\n","protected":false},"excerpt":{"rendered":"<p>Jouet sp\u00e9cialement \u00e9tudi\u00e9 pour les enfants de 3 \u00e0 4 mois.<br \/>\nLe hochet est un grand classique et permet \u00e0 l&#8217;enfant d&#8217;identifier l&#8217;origine d&#8217;un son. L&#8217;anneau de dentition propose trois textures vari\u00e9es, contribuant ainsi au d\u00e9veloppement de la sensorialit\u00e9, du langage et de la motricit\u00e9 orale.<\/p>\n<h2 id=\"brxe-fjvocf\" class=\"brxe-heading text--uppercase h--3\">D\u00e9tails du produit<\/h2>\n<div id=\"brxe-gmhzln\" class=\"brxe-text text--base text--400\">\n<p><strong>Univers<\/strong>\u00a0: Jouets d\u2019\u00e9veil<br \/>\n<strong>Contenu du jouet<\/strong>\u00a0: 1 hochet, 1 anneau, 1 linge<br \/>\n<strong>Tranche d\u2019\u00e2ge<\/strong>\u00a0: 0 mois et +<br \/>\n<strong>Type<\/strong>\u00a0: Int\u00e9rieur<br \/>\n<strong>Taille<\/strong>\u00a0: 13 x 9 x 14 cm<br \/>\n<strong>Composition<\/strong>\u00a0: Silicone, coton, bois<\/p>\n<\/div>\n","protected":false},"featured_media":10292,"comment_status":"open","ping_status":"closed","template":"","meta":{"_acf_changed":false,"_seopress_robots_primary_cat":"none","_seopress_titles_title":"","_seopress_titles_desc":"","_seopress_robots_index":""},"product_brand":[],"product_cat":[17],"product_tag":[],"class_list":{"0":"post-10303","1":"product","2":"type-product","3":"status-publish","4":"has-post-thumbnail","6":"product_cat-jouets","8":"first","9":"instock","10":"taxable","11":"shipping-taxable","12":"purchasable","13":"product-type-simple"},"acf":[],"wcpa_form_fields":null,"_links":{"self":[{"href":"https:\/\/www.unjeusansfin.com\/en\/wp-json\/wp\/v2\/product\/10303","targetHints":{"allow":["GET"]}}],"collection":[{"href":"https:\/\/www.unjeusansfin.com\/en\/wp-json\/wp\/v2\/product"}],"about":[{"href":"https:\/\/www.unjeusansfin.com\/en\/wp-json\/wp\/v2\/types\/product"}],"replies":[{"embeddable":true,"href":"https:\/\/www.unjeusansfin.com\/en\/wp-json\/wp\/v2\/comments?post=10303"}],"wp:featuredmedia":[{"embeddable":true,"href":"https:\/\/www.unjeusansfin.com\/en\/wp-json\/wp\/v2\/media\/10292"}],"wp:attachment":[{"href":"https:\/\/www.unjeusansfin.com\/en\/wp-json\/wp\/v2\/media?parent=10303"}],"wp:term":[{"taxonomy":"product_brand","embeddable":true,"href":"https:\/\/www.unjeusansfin.com\/en\/wp-json\/wp\/v2\/product_brand?post=10303"},{"taxonomy":"product_cat","embeddable":true,"href":"https:\/\/www.unjeusansfin.com\/en\/wp-json\/wp\/v2\/product_cat?post=10303"},{"taxonomy":"product_tag","embeddable":true,"href":"https:\/\/www.unjeusansfin.com\/en\/wp-json\/wp\/v2\/product_tag?post=10303"}],"curies":[{"name":"wp","href":"https:\/\/api.w.org\/{rel}","templated":true}]}}