{"id":10259,"date":"2024-10-24T09:51:07","date_gmt":"2024-10-24T09:51:07","guid":{"rendered":"https:\/\/www.unjeusansfin.com\/?post_type=product&#038;p=10259"},"modified":"2024-10-24T09:51:51","modified_gmt":"2024-10-24T09:51:51","slug":"hochet-et-moufles-noir-et-blanc","status":"publish","type":"product","link":"https:\/\/www.unjeusansfin.com\/en\/our-toys\/toys\/hochet-et-moufles-noir-et-blanc\/","title":{"rendered":"Hochet et moufles noir et blanc"},"content":{"rendered":"<p>Jouets sp\u00e9cialement \u00e9tudi\u00e9s pour les enfants de 0 \u00e0 3 mois.<br \/>\nD\u00e8s la naissance, l&#8217;enfant est sensible \u00e0 la lumi\u00e8re et aux sons et commence \u00e0 explorer le monde qui l&#8217;entoure. Ce hochet \u00e0 fort contraste (noir et blanc) est id\u00e9al pour apprendre \u00e0 saisir des objets et suivre des sons et mouvements. Ces mouffles favorisent le d\u00e9veloppement de nouvelles connexions neuronales gr\u00e2ce \u00e0 des images \u00e0 fort contraste. Elles aident aussi \u00e0 d\u00e9velopper la conscience corporelle en encourageant la d\u00e9couverte et le contr\u00f4le des mains.<\/p>\n","protected":false},"excerpt":{"rendered":"<p>Jouets sp\u00e9cialement \u00e9tudi\u00e9s pour les enfants de 0 \u00e0 3 mois.<br \/>\nD\u00e8s la naissance, l&#8217;enfant est sensible \u00e0 la lumi\u00e8re et aux sons et commence \u00e0 explorer le monde qui l&#8217;entoure. Ce hochet \u00e0 fort contraste (noir et blanc) est id\u00e9al pour apprendre \u00e0 saisir des objets et suivre des sons et mouvements. Ces mouffles favorisent le d\u00e9veloppement de nouvelles connexions neuronales gr\u00e2ce \u00e0 des images \u00e0 fort contraste. Elles aident aussi \u00e0 d\u00e9velopper la conscience corporelle en encourageant la d\u00e9couverte et le contr\u00f4le des mains.<\/p>\n<h2 id=\"brxe-fjvocf\" class=\"brxe-heading text--uppercase h--3\">D\u00e9tails du produit<\/h2>\n<div id=\"brxe-gmhzln\" class=\"brxe-text text--base text--400\">\n<p><strong>Univers<\/strong>\u00a0: Jouets d\u2019\u00e9veil<br \/>\n<strong>Contenu du jouet<\/strong>\u00a0: 1 hochet, 1 balle, 2 mouffles<br \/>\n<strong>Tranche d\u2019\u00e2ge<\/strong>\u00a0: 0 mois et +<br \/>\n<strong>Type<\/strong>\u00a0: Int\u00e9rieur<br \/>\n<strong>Taille<\/strong>\u00a0: 13 x 6 x 16 cm<br \/>\n<strong>Composition<\/strong>\u00a0: Silicone et coton organique<\/p>\n<\/div>\n","protected":false},"featured_media":10294,"comment_status":"open","ping_status":"closed","template":"","meta":{"_acf_changed":false,"_seopress_robots_primary_cat":"none","_seopress_titles_title":"","_seopress_titles_desc":"","_seopress_robots_index":""},"product_brand":[],"product_cat":[17],"product_tag":[],"class_list":{"0":"post-10259","1":"product","2":"type-product","3":"status-publish","4":"has-post-thumbnail","6":"product_cat-jouets","8":"first","9":"instock","10":"taxable","11":"shipping-taxable","12":"purchasable","13":"product-type-simple"},"acf":[],"wcpa_form_fields":null,"_links":{"self":[{"href":"https:\/\/www.unjeusansfin.com\/en\/wp-json\/wp\/v2\/product\/10259","targetHints":{"allow":["GET"]}}],"collection":[{"href":"https:\/\/www.unjeusansfin.com\/en\/wp-json\/wp\/v2\/product"}],"about":[{"href":"https:\/\/www.unjeusansfin.com\/en\/wp-json\/wp\/v2\/types\/product"}],"replies":[{"embeddable":true,"href":"https:\/\/www.unjeusansfin.com\/en\/wp-json\/wp\/v2\/comments?post=10259"}],"wp:featuredmedia":[{"embeddable":true,"href":"https:\/\/www.unjeusansfin.com\/en\/wp-json\/wp\/v2\/media\/10294"}],"wp:attachment":[{"href":"https:\/\/www.unjeusansfin.com\/en\/wp-json\/wp\/v2\/media?parent=10259"}],"wp:term":[{"taxonomy":"product_brand","embeddable":true,"href":"https:\/\/www.unjeusansfin.com\/en\/wp-json\/wp\/v2\/product_brand?post=10259"},{"taxonomy":"product_cat","embeddable":true,"href":"https:\/\/www.unjeusansfin.com\/en\/wp-json\/wp\/v2\/product_cat?post=10259"},{"taxonomy":"product_tag","embeddable":true,"href":"https:\/\/www.unjeusansfin.com\/en\/wp-json\/wp\/v2\/product_tag?post=10259"}],"curies":[{"name":"wp","href":"https:\/\/api.w.org\/{rel}","templated":true}]}}